{"id":81,"date":"2023-03-07T09:05:57","date_gmt":"2023-03-07T12:05:57","guid":{"rendered":"https:\/\/kawagoeinstitute.com.br\/site\/?page_id=81"},"modified":"2023-04-25T16:35:27","modified_gmt":"2023-04-25T19:35:27","slug":"home","status":"publish","type":"page","link":"https:\/\/kawagoeinstitute.com.br\/site\/","title":{"rendered":"Home"},"content":{"rendered":"\t\t<div data-elementor-type=\"wp-page\" data-elementor-id=\"81\" class=\"elementor elementor-81\" data-elementor-post-type=\"page\">\n\t\t\t\t\t\t<section class=\"elementor-section elementor-top-section elementor-element elementor-element-ef4c771 elementor-section-full_width elementor-section-height-default elementor-section-height-default\" data-id=\"ef4c771\" data-element_type=\"section\" data-e-type=\"section\" data-settings=\"{&quot;background_background&quot;:&quot;classic&quot;}\">\n\t\t\t\t\t\t<div class=\"elementor-container elementor-column-gap-default\">\n\t\t\t\t\t<div class=\"elementor-column elementor-col-50 elementor-top-column elementor-element elementor-element-bf6d1b2 animated-slow elementor-invisible\" data-id=\"bf6d1b2\" data-element_type=\"column\" data-e-type=\"column\" data-settings=\"{&quot;background_background&quot;:&quot;classic&quot;,&quot;motion_fx_motion_fx_mouse&quot;:&quot;yes&quot;,&quot;animation&quot;:&quot;fadeIn&quot;,&quot;animation_delay&quot;:100}\">\n\t\t\t<div class=\"elementor-widget-wrap elementor-element-populated\">\n\t\t\t\t\t\t<section class=\"elementor-section elementor-inner-section elementor-element elementor-element-193474e elementor-section-boxed elementor-section-height-default elementor-section-height-default\" data-id=\"193474e\" data-element_type=\"section\" data-e-type=\"section\" data-settings=\"{&quot;background_background&quot;:&quot;classic&quot;}\">\n\t\t\t\t\t\t<div class=\"elementor-container elementor-column-gap-default\">\n\t\t\t\t\t<div class=\"elementor-column elementor-col-100 elementor-inner-column elementor-element elementor-element-eaef72f\" data-id=\"eaef72f\" data-element_type=\"column\" data-e-type=\"column\">\n\t\t\t<div class=\"elementor-widget-wrap elementor-element-populated\">\n\t\t\t\t\t\t<div class=\"elementor-element elementor-element-6a22096 elementor-widget elementor-widget-heading\" data-id=\"6a22096\" data-element_type=\"widget\" data-e-type=\"widget\" data-widget_type=\"heading.default\">\n\t\t\t\t<div class=\"elementor-widget-container\">\n\t\t\t\t\t<h2 class=\"elementor-heading-title elementor-size-default\"><a href=\"https:\/\/kawagoeinstitute.com.br\/institute\">PARA <B>PACIENTES<\/B><\/a><\/h2>\t\t\t\t<\/div>\n\t\t\t\t<\/div>\n\t\t\t\t\t<\/div>\n\t\t<\/div>\n\t\t\t\t\t<\/div>\n\t\t<\/section>\n\t\t\t\t\t<\/div>\n\t\t<\/div>\n\t\t\t\t<div class=\"elementor-column elementor-col-50 elementor-top-column elementor-element elementor-element-1e6e193 animated-slow elementor-invisible\" data-id=\"1e6e193\" data-element_type=\"column\" data-e-type=\"column\" data-settings=\"{&quot;background_background&quot;:&quot;classic&quot;,&quot;animation&quot;:&quot;fadeIn&quot;,&quot;animation_delay&quot;:100}\">\n\t\t\t<div class=\"elementor-widget-wrap elementor-element-populated\">\n\t\t\t\t\t\t<section class=\"elementor-section elementor-inner-section elementor-element elementor-element-03873dc elementor-section-boxed elementor-section-height-default elementor-section-height-default\" data-id=\"03873dc\" data-element_type=\"section\" data-e-type=\"section\" data-settings=\"{&quot;background_background&quot;:&quot;classic&quot;}\">\n\t\t\t\t\t\t<div class=\"elementor-container elementor-column-gap-default\">\n\t\t\t\t\t<div class=\"elementor-column elementor-col-100 elementor-inner-column elementor-element elementor-element-9395e26\" data-id=\"9395e26\" data-element_type=\"column\" data-e-type=\"column\">\n\t\t\t<div class=\"elementor-widget-wrap elementor-element-populated\">\n\t\t\t\t\t\t<div class=\"elementor-element elementor-element-086ebf3 elementor-widget elementor-widget-heading\" data-id=\"086ebf3\" data-element_type=\"widget\" data-e-type=\"widget\" data-widget_type=\"heading.default\">\n\t\t\t\t<div class=\"elementor-widget-container\">\n\t\t\t\t\t<h2 class=\"elementor-heading-title elementor-size-default\"><a href=\"https:\/\/kawagoeinstitute.com.br\/site\/cursos\">PARA <B>DENTISTAS<\/B><\/a><\/h2>\t\t\t\t<\/div>\n\t\t\t\t<\/div>\n\t\t\t\t\t<\/div>\n\t\t<\/div>\n\t\t\t\t\t<\/div>\n\t\t<\/section>\n\t\t\t\t\t<\/div>\n\t\t<\/div>\n\t\t\t\t\t<\/div>\n\t\t<\/section>\n\t\t\t\t<\/div>\n\t\t","protected":false},"excerpt":{"rendered":"<p>PARA PACIENTES PARA DENTISTAS<\/p>\n","protected":false},"author":1,"featured_media":83,"parent":0,"menu_order":0,"comment_status":"closed","ping_status":"closed","template":"elementor_header_footer","meta":{"footnotes":""},"class_list":["post-81","page","type-page","status-publish","has-post-thumbnail","hentry"],"yoast_head":"<!-- This site is optimized with the Yoast SEO plugin v27.5 - https:\/\/yoast.com\/product\/yoast-seo-wordpress\/ -->\n<title>Home - Kawagoe Institute<\/title>\n<meta name=\"description\" content=\"Bem-vindo ao Kawagoe Institute.\" \/>\n<meta name=\"robots\" content=\"index, follow, max-snippet:-1, max-image-preview:large, max-video-preview:-1\" \/>\n<link rel=\"canonical\" href=\"https:\/\/kawagoeinstitute.com.br\/site\/\" \/>\n<meta property=\"og:locale\" content=\"pt_BR\" \/>\n<meta property=\"og:type\" content=\"article\" \/>\n<meta property=\"og:title\" content=\"Home - Kawagoe Institute\" \/>\n<meta property=\"og:description\" content=\"Bem-vindo ao Kawagoe Institute.\" \/>\n<meta property=\"og:url\" content=\"https:\/\/kawagoeinstitute.com.br\/site\/\" \/>\n<meta property=\"og:site_name\" content=\"Kawagoe Institute\" \/>\n<meta property=\"article:modified_time\" content=\"2023-04-25T19:35:27+00:00\" \/>\n<meta property=\"og:image\" content=\"https:\/\/kawagoeinstitute.com.br\/site\/wp-content\/uploads\/2023\/03\/IMG_5575-1024x683.jpg\" \/>\n\t<meta property=\"og:image:width\" content=\"1024\" \/>\n\t<meta property=\"og:image:height\" content=\"683\" \/>\n\t<meta property=\"og:image:type\" content=\"image\/jpeg\" \/>\n<meta name=\"twitter:card\" content=\"summary_large_image\" \/>\n<meta name=\"twitter:label1\" content=\"Est. tempo de leitura\" \/>\n\t<meta name=\"twitter:data1\" content=\"1 minuto\" \/>\n<script type=\"application\/ld+json\" class=\"yoast-schema-graph\">{\"@context\":\"https:\\\/\\\/schema.org\",\"@graph\":[{\"@type\":\"WebPage\",\"@id\":\"https:\\\/\\\/kawagoeinstitute.com.br\\\/site\\\/\",\"url\":\"https:\\\/\\\/kawagoeinstitute.com.br\\\/site\\\/\",\"name\":\"Home - Kawagoe Institute\",\"isPartOf\":{\"@id\":\"https:\\\/\\\/kawagoeinstitute.com.br\\\/site\\\/#website\"},\"primaryImageOfPage\":{\"@id\":\"https:\\\/\\\/kawagoeinstitute.com.br\\\/site\\\/#primaryimage\"},\"image\":{\"@id\":\"https:\\\/\\\/kawagoeinstitute.com.br\\\/site\\\/#primaryimage\"},\"thumbnailUrl\":\"https:\\\/\\\/kawagoeinstitute.com.br\\\/site\\\/wp-content\\\/uploads\\\/2023\\\/03\\\/IMG_5575.jpg\",\"datePublished\":\"2023-03-07T12:05:57+00:00\",\"dateModified\":\"2023-04-25T19:35:27+00:00\",\"description\":\"Bem-vindo ao Kawagoe Institute.\",\"breadcrumb\":{\"@id\":\"https:\\\/\\\/kawagoeinstitute.com.br\\\/site\\\/#breadcrumb\"},\"inLanguage\":\"pt-BR\",\"potentialAction\":[{\"@type\":\"ReadAction\",\"target\":[\"https:\\\/\\\/kawagoeinstitute.com.br\\\/site\\\/\"]}]},{\"@type\":\"ImageObject\",\"inLanguage\":\"pt-BR\",\"@id\":\"https:\\\/\\\/kawagoeinstitute.com.br\\\/site\\\/#primaryimage\",\"url\":\"https:\\\/\\\/kawagoeinstitute.com.br\\\/site\\\/wp-content\\\/uploads\\\/2023\\\/03\\\/IMG_5575.jpg\",\"contentUrl\":\"https:\\\/\\\/kawagoeinstitute.com.br\\\/site\\\/wp-content\\\/uploads\\\/2023\\\/03\\\/IMG_5575.jpg\",\"width\":2048,\"height\":1365},{\"@type\":\"BreadcrumbList\",\"@id\":\"https:\\\/\\\/kawagoeinstitute.com.br\\\/site\\\/#breadcrumb\",\"itemListElement\":[{\"@type\":\"ListItem\",\"position\":1,\"name\":\"In\u00edcio\",\"item\":\"https:\\\/\\\/kawagoeinstitute.com.br\\\/site\\\/\"},{\"@type\":\"ListItem\",\"position\":2,\"name\":\"Home\"}]},{\"@type\":\"WebSite\",\"@id\":\"https:\\\/\\\/kawagoeinstitute.com.br\\\/site\\\/#website\",\"url\":\"https:\\\/\\\/kawagoeinstitute.com.br\\\/site\\\/\",\"name\":\"Kawagoe Institute\",\"description\":\"Educa\u00e7\u00e3o e Excel\u00eancia em Odontologia\",\"publisher\":{\"@id\":\"https:\\\/\\\/kawagoeinstitute.com.br\\\/site\\\/#organization\"},\"potentialAction\":[{\"@type\":\"SearchAction\",\"target\":{\"@type\":\"EntryPoint\",\"urlTemplate\":\"https:\\\/\\\/kawagoeinstitute.com.br\\\/site\\\/?s={search_term_string}\"},\"query-input\":{\"@type\":\"PropertyValueSpecification\",\"valueRequired\":true,\"valueName\":\"search_term_string\"}}],\"inLanguage\":\"pt-BR\"},{\"@type\":\"Organization\",\"@id\":\"https:\\\/\\\/kawagoeinstitute.com.br\\\/site\\\/#organization\",\"name\":\"Kawagoe Institute\",\"url\":\"https:\\\/\\\/kawagoeinstitute.com.br\\\/site\\\/\",\"logo\":{\"@type\":\"ImageObject\",\"inLanguage\":\"pt-BR\",\"@id\":\"https:\\\/\\\/kawagoeinstitute.com.br\\\/site\\\/#\\\/schema\\\/logo\\\/image\\\/\",\"url\":\"https:\\\/\\\/kawagoeinstitute.com.br\\\/site\\\/wp-content\\\/uploads\\\/2023\\\/02\\\/LOGO-KAWAGOE.png\",\"contentUrl\":\"https:\\\/\\\/kawagoeinstitute.com.br\\\/site\\\/wp-content\\\/uploads\\\/2023\\\/02\\\/LOGO-KAWAGOE.png\",\"width\":408,\"height\":271,\"caption\":\"Kawagoe Institute\"},\"image\":{\"@id\":\"https:\\\/\\\/kawagoeinstitute.com.br\\\/site\\\/#\\\/schema\\\/logo\\\/image\\\/\"}}]}<\/script>\n<!-- \/ Yoast SEO plugin. -->","yoast_head_json":{"title":"Home - Kawagoe Institute","description":"Bem-vindo ao Kawagoe Institute.","robots":{"index":"index","follow":"follow","max-snippet":"max-snippet:-1","max-image-preview":"max-image-preview:large","max-video-preview":"max-video-preview:-1"},"canonical":"https:\/\/kawagoeinstitute.com.br\/site\/","og_locale":"pt_BR","og_type":"article","og_title":"Home - Kawagoe Institute","og_description":"Bem-vindo ao Kawagoe Institute.","og_url":"https:\/\/kawagoeinstitute.com.br\/site\/","og_site_name":"Kawagoe Institute","article_modified_time":"2023-04-25T19:35:27+00:00","og_image":[{"width":1024,"height":683,"url":"https:\/\/kawagoeinstitute.com.br\/site\/wp-content\/uploads\/2023\/03\/IMG_5575-1024x683.jpg","type":"image\/jpeg"}],"twitter_card":"summary_large_image","twitter_misc":{"Est. tempo de leitura":"1 minuto"},"schema":{"@context":"https:\/\/schema.org","@graph":[{"@type":"WebPage","@id":"https:\/\/kawagoeinstitute.com.br\/site\/","url":"https:\/\/kawagoeinstitute.com.br\/site\/","name":"Home - Kawagoe Institute","isPartOf":{"@id":"https:\/\/kawagoeinstitute.com.br\/site\/#website"},"primaryImageOfPage":{"@id":"https:\/\/kawagoeinstitute.com.br\/site\/#primaryimage"},"image":{"@id":"https:\/\/kawagoeinstitute.com.br\/site\/#primaryimage"},"thumbnailUrl":"https:\/\/kawagoeinstitute.com.br\/site\/wp-content\/uploads\/2023\/03\/IMG_5575.jpg","datePublished":"2023-03-07T12:05:57+00:00","dateModified":"2023-04-25T19:35:27+00:00","description":"Bem-vindo ao Kawagoe Institute.","breadcrumb":{"@id":"https:\/\/kawagoeinstitute.com.br\/site\/#breadcrumb"},"inLanguage":"pt-BR","potentialAction":[{"@type":"ReadAction","target":["https:\/\/kawagoeinstitute.com.br\/site\/"]}]},{"@type":"ImageObject","inLanguage":"pt-BR","@id":"https:\/\/kawagoeinstitute.com.br\/site\/#primaryimage","url":"https:\/\/kawagoeinstitute.com.br\/site\/wp-content\/uploads\/2023\/03\/IMG_5575.jpg","contentUrl":"https:\/\/kawagoeinstitute.com.br\/site\/wp-content\/uploads\/2023\/03\/IMG_5575.jpg","width":2048,"height":1365},{"@type":"BreadcrumbList","@id":"https:\/\/kawagoeinstitute.com.br\/site\/#breadcrumb","itemListElement":[{"@type":"ListItem","position":1,"name":"In\u00edcio","item":"https:\/\/kawagoeinstitute.com.br\/site\/"},{"@type":"ListItem","position":2,"name":"Home"}]},{"@type":"WebSite","@id":"https:\/\/kawagoeinstitute.com.br\/site\/#website","url":"https:\/\/kawagoeinstitute.com.br\/site\/","name":"Kawagoe Institute","description":"Educa\u00e7\u00e3o e Excel\u00eancia em Odontologia","publisher":{"@id":"https:\/\/kawagoeinstitute.com.br\/site\/#organization"},"potentialAction":[{"@type":"SearchAction","target":{"@type":"EntryPoint","urlTemplate":"https:\/\/kawagoeinstitute.com.br\/site\/?s={search_term_string}"},"query-input":{"@type":"PropertyValueSpecification","valueRequired":true,"valueName":"search_term_string"}}],"inLanguage":"pt-BR"},{"@type":"Organization","@id":"https:\/\/kawagoeinstitute.com.br\/site\/#organization","name":"Kawagoe Institute","url":"https:\/\/kawagoeinstitute.com.br\/site\/","logo":{"@type":"ImageObject","inLanguage":"pt-BR","@id":"https:\/\/kawagoeinstitute.com.br\/site\/#\/schema\/logo\/image\/","url":"https:\/\/kawagoeinstitute.com.br\/site\/wp-content\/uploads\/2023\/02\/LOGO-KAWAGOE.png","contentUrl":"https:\/\/kawagoeinstitute.com.br\/site\/wp-content\/uploads\/2023\/02\/LOGO-KAWAGOE.png","width":408,"height":271,"caption":"Kawagoe Institute"},"image":{"@id":"https:\/\/kawagoeinstitute.com.br\/site\/#\/schema\/logo\/image\/"}}]}},"_links":{"self":[{"href":"https:\/\/kawagoeinstitute.com.br\/site\/wp-json\/wp\/v2\/pages\/81","targetHints":{"allow":["GET"]}}],"collection":[{"href":"https:\/\/kawagoeinstitute.com.br\/site\/wp-json\/wp\/v2\/pages"}],"about":[{"href":"https:\/\/kawagoeinstitute.com.br\/site\/wp-json\/wp\/v2\/types\/page"}],"author":[{"embeddable":true,"href":"https:\/\/kawagoeinstitute.com.br\/site\/wp-json\/wp\/v2\/users\/1"}],"replies":[{"embeddable":true,"href":"https:\/\/kawagoeinstitute.com.br\/site\/wp-json\/wp\/v2\/comments?post=81"}],"version-history":[{"count":61,"href":"https:\/\/kawagoeinstitute.com.br\/site\/wp-json\/wp\/v2\/pages\/81\/revisions"}],"predecessor-version":[{"id":449,"href":"https:\/\/kawagoeinstitute.com.br\/site\/wp-json\/wp\/v2\/pages\/81\/revisions\/449"}],"wp:featuredmedia":[{"embeddable":true,"href":"https:\/\/kawagoeinstitute.com.br\/site\/wp-json\/wp\/v2\/media\/83"}],"wp:attachment":[{"href":"https:\/\/kawagoeinstitute.com.br\/site\/wp-json\/wp\/v2\/media?parent=81"}],"curies":[{"name":"wp","href":"https:\/\/api.w.org\/{rel}","templated":true}]}}