{"id":329,"date":"2023-03-21T14:27:28","date_gmt":"2023-03-21T17:27:28","guid":{"rendered":"https:\/\/kawagoeinstitute.com.br\/site\/?page_id=329"},"modified":"2023-04-25T16:33:46","modified_gmt":"2023-04-25T19:33:46","slug":"meetings","status":"publish","type":"page","link":"https:\/\/kawagoeinstitute.com.br\/site\/meetings\/","title":{"rendered":"Meetings"},"content":{"rendered":"\t\t<div data-elementor-type=\"wp-page\" data-elementor-id=\"329\" class=\"elementor elementor-329\" data-elementor-post-type=\"page\">\n\t\t\t\t\t\t<section class=\"elementor-section elementor-top-section elementor-element elementor-element-35728871 elementor-section-boxed elementor-section-height-default elementor-section-height-default\" data-id=\"35728871\" data-element_type=\"section\" data-e-type=\"section\" data-settings=\"{&quot;background_background&quot;:&quot;classic&quot;}\">\n\t\t\t\t\t\t\t<div class=\"elementor-background-overlay\"><\/div>\n\t\t\t\t\t\t\t<div class=\"elementor-container elementor-column-gap-default\">\n\t\t\t\t\t<div class=\"elementor-column elementor-col-100 elementor-top-column elementor-element elementor-element-5fc3e670\" data-id=\"5fc3e670\" data-element_type=\"column\" data-e-type=\"column\">\n\t\t\t<div class=\"elementor-widget-wrap elementor-element-populated\">\n\t\t\t\t\t\t<div class=\"elementor-element elementor-element-3ea8e28e elementor-widget elementor-widget-heading\" data-id=\"3ea8e28e\" data-element_type=\"widget\" data-e-type=\"widget\" data-widget_type=\"heading.default\">\n\t\t\t\t<div class=\"elementor-widget-container\">\n\t\t\t\t\t<h1 class=\"elementor-heading-title elementor-size-default\">MEETINGS<\/h1>\t\t\t\t<\/div>\n\t\t\t\t<\/div>\n\t\t\t\t<div class=\"elementor-element elementor-element-456337f9 elementor-widget elementor-widget-text-editor\" data-id=\"456337f9\" data-element_type=\"widget\" data-e-type=\"widget\" data-widget_type=\"text-editor.default\">\n\t\t\t\t<div class=\"elementor-widget-container\">\n\t\t\t\t\t\t\t\t\t<p>Em breve. Aguarde!<\/p>\t\t\t\t\t\t\t\t<\/div>\n\t\t\t\t<\/div>\n\t\t\t\t\t<\/div>\n\t\t<\/div>\n\t\t\t\t\t<\/div>\n\t\t<\/section>\n\t\t\t\t<section class=\"elementor-section elementor-top-section elementor-element elementor-element-44ffdb0 elementor-section-boxed elementor-section-height-default elementor-section-height-default\" data-id=\"44ffdb0\" data-element_type=\"section\" data-e-type=\"section\">\n\t\t\t\t\t\t<div class=\"elementor-container elementor-column-gap-default\">\n\t\t\t\t\t<div class=\"elementor-column elementor-col-100 elementor-top-column elementor-element elementor-element-0df40dd\" data-id=\"0df40dd\" data-element_type=\"column\" data-e-type=\"column\">\n\t\t\t<div class=\"elementor-widget-wrap elementor-element-populated\">\n\t\t\t\t\t\t<div class=\"elementor-element elementor-element-79dfeb7 elementor-hidden-desktop elementor-hidden-tablet elementor-hidden-mobile elementor-widget elementor-widget-heading\" data-id=\"79dfeb7\" data-element_type=\"widget\" data-e-type=\"widget\" data-widget_type=\"heading.default\">\n\t\t\t\t<div class=\"elementor-widget-container\">\n\t\t\t\t\t<h2 class=\"elementor-heading-title elementor-size-default\">EVENTOS - MEETINGS<\/h2>\t\t\t\t<\/div>\n\t\t\t\t<\/div>\n\t\t\t\t<div class=\"elementor-element elementor-element-0f46971 elementor-widget elementor-widget-text-editor\" data-id=\"0f46971\" data-element_type=\"widget\" data-e-type=\"widget\" data-widget_type=\"text-editor.default\">\n\t\t\t\t<div class=\"elementor-widget-container\">\n\t\t\t\t\t\t\t\t\t<p>Em breve, teremos novidades!<\/p>\t\t\t\t\t\t\t\t<\/div>\n\t\t\t\t<\/div>\n\t\t\t\t<div class=\"elementor-element elementor-element-7863338 elementor-align-center elementor-widget elementor-widget-button\" data-id=\"7863338\" data-element_type=\"widget\" data-e-type=\"widget\" data-widget_type=\"button.default\">\n\t\t\t\t<div class=\"elementor-widget-container\">\n\t\t\t\t\t\t\t\t\t<div class=\"elementor-button-wrapper\">\n\t\t\t\t\t<a class=\"elementor-button elementor-button-link elementor-size-md\" href=\"https:\/\/kawagoeinstitute.com.br\/site\/cursos\/\">\n\t\t\t\t\t\t<span class=\"elementor-button-content-wrapper\">\n\t\t\t\t\t\t<span class=\"elementor-button-icon\">\n\t\t\t\t<i aria-hidden=\"true\" class=\"far fa-arrow-alt-circle-left\"><\/i>\t\t\t<\/span>\n\t\t\t\t\t\t\t\t\t<span class=\"elementor-button-text\">VOLTAR<\/span>\n\t\t\t\t\t<\/span>\n\t\t\t\t\t<\/a>\n\t\t\t\t<\/div>\n\t\t\t\t\t\t\t\t<\/div>\n\t\t\t\t<\/div>\n\t\t\t\t\t<\/div>\n\t\t<\/div>\n\t\t\t\t\t<\/div>\n\t\t<\/section>\n\t\t\t\t<\/div>\n\t\t","protected":false},"excerpt":{"rendered":"<p>MEETINGS Em breve. Aguarde! EVENTOS &#8211; MEETINGS Em breve, teremos novidades! VOLTAR<\/p>\n","protected":false},"author":1,"featured_media":0,"parent":0,"menu_order":0,"comment_status":"closed","ping_status":"closed","template":"","meta":{"footnotes":""},"class_list":["post-329","page","type-page","status-publish","hentry"],"yoast_head":"<!-- This site is optimized with the Yoast SEO plugin v27.5 - https:\/\/yoast.com\/product\/yoast-seo-wordpress\/ -->\n<title>Meetings - Kawagoe Institute<\/title>\n<meta name=\"robots\" content=\"index, follow, max-snippet:-1, max-image-preview:large, max-video-preview:-1\" \/>\n<link rel=\"canonical\" href=\"https:\/\/kawagoeinstitute.com.br\/site\/meetings\/\" \/>\n<meta property=\"og:locale\" content=\"pt_BR\" \/>\n<meta property=\"og:type\" content=\"article\" \/>\n<meta property=\"og:title\" content=\"Meetings - Kawagoe Institute\" \/>\n<meta property=\"og:description\" content=\"MEETINGS Em breve. Aguarde! EVENTOS &#8211; MEETINGS Em breve, teremos novidades! VOLTAR\" \/>\n<meta property=\"og:url\" content=\"https:\/\/kawagoeinstitute.com.br\/site\/meetings\/\" \/>\n<meta property=\"og:site_name\" content=\"Kawagoe Institute\" \/>\n<meta property=\"article:modified_time\" content=\"2023-04-25T19:33:46+00:00\" \/>\n<meta name=\"twitter:card\" content=\"summary_large_image\" \/>\n<meta name=\"twitter:label1\" content=\"Est. tempo de leitura\" \/>\n\t<meta name=\"twitter:data1\" content=\"1 minuto\" \/>\n<script type=\"application\/ld+json\" class=\"yoast-schema-graph\">{\"@context\":\"https:\\\/\\\/schema.org\",\"@graph\":[{\"@type\":\"WebPage\",\"@id\":\"https:\\\/\\\/kawagoeinstitute.com.br\\\/site\\\/meetings\\\/\",\"url\":\"https:\\\/\\\/kawagoeinstitute.com.br\\\/site\\\/meetings\\\/\",\"name\":\"Meetings - Kawagoe Institute\",\"isPartOf\":{\"@id\":\"https:\\\/\\\/kawagoeinstitute.com.br\\\/site\\\/#website\"},\"datePublished\":\"2023-03-21T17:27:28+00:00\",\"dateModified\":\"2023-04-25T19:33:46+00:00\",\"breadcrumb\":{\"@id\":\"https:\\\/\\\/kawagoeinstitute.com.br\\\/site\\\/meetings\\\/#breadcrumb\"},\"inLanguage\":\"pt-BR\",\"potentialAction\":[{\"@type\":\"ReadAction\",\"target\":[\"https:\\\/\\\/kawagoeinstitute.com.br\\\/site\\\/meetings\\\/\"]}]},{\"@type\":\"BreadcrumbList\",\"@id\":\"https:\\\/\\\/kawagoeinstitute.com.br\\\/site\\\/meetings\\\/#breadcrumb\",\"itemListElement\":[{\"@type\":\"ListItem\",\"position\":1,\"name\":\"In\u00edcio\",\"item\":\"https:\\\/\\\/kawagoeinstitute.com.br\\\/site\\\/\"},{\"@type\":\"ListItem\",\"position\":2,\"name\":\"Meetings\"}]},{\"@type\":\"WebSite\",\"@id\":\"https:\\\/\\\/kawagoeinstitute.com.br\\\/site\\\/#website\",\"url\":\"https:\\\/\\\/kawagoeinstitute.com.br\\\/site\\\/\",\"name\":\"Kawagoe Institute\",\"description\":\"Educa\u00e7\u00e3o e Excel\u00eancia em Odontologia\",\"publisher\":{\"@id\":\"https:\\\/\\\/kawagoeinstitute.com.br\\\/site\\\/#organization\"},\"potentialAction\":[{\"@type\":\"SearchAction\",\"target\":{\"@type\":\"EntryPoint\",\"urlTemplate\":\"https:\\\/\\\/kawagoeinstitute.com.br\\\/site\\\/?s={search_term_string}\"},\"query-input\":{\"@type\":\"PropertyValueSpecification\",\"valueRequired\":true,\"valueName\":\"search_term_string\"}}],\"inLanguage\":\"pt-BR\"},{\"@type\":\"Organization\",\"@id\":\"https:\\\/\\\/kawagoeinstitute.com.br\\\/site\\\/#organization\",\"name\":\"Kawagoe Institute\",\"url\":\"https:\\\/\\\/kawagoeinstitute.com.br\\\/site\\\/\",\"logo\":{\"@type\":\"ImageObject\",\"inLanguage\":\"pt-BR\",\"@id\":\"https:\\\/\\\/kawagoeinstitute.com.br\\\/site\\\/#\\\/schema\\\/logo\\\/image\\\/\",\"url\":\"https:\\\/\\\/kawagoeinstitute.com.br\\\/site\\\/wp-content\\\/uploads\\\/2023\\\/02\\\/LOGO-KAWAGOE.png\",\"contentUrl\":\"https:\\\/\\\/kawagoeinstitute.com.br\\\/site\\\/wp-content\\\/uploads\\\/2023\\\/02\\\/LOGO-KAWAGOE.png\",\"width\":408,\"height\":271,\"caption\":\"Kawagoe Institute\"},\"image\":{\"@id\":\"https:\\\/\\\/kawagoeinstitute.com.br\\\/site\\\/#\\\/schema\\\/logo\\\/image\\\/\"}}]}<\/script>\n<!-- \/ Yoast SEO plugin. -->","yoast_head_json":{"title":"Meetings - Kawagoe Institute","robots":{"index":"index","follow":"follow","max-snippet":"max-snippet:-1","max-image-preview":"max-image-preview:large","max-video-preview":"max-video-preview:-1"},"canonical":"https:\/\/kawagoeinstitute.com.br\/site\/meetings\/","og_locale":"pt_BR","og_type":"article","og_title":"Meetings - Kawagoe Institute","og_description":"MEETINGS Em breve. Aguarde! EVENTOS &#8211; MEETINGS Em breve, teremos novidades! VOLTAR","og_url":"https:\/\/kawagoeinstitute.com.br\/site\/meetings\/","og_site_name":"Kawagoe Institute","article_modified_time":"2023-04-25T19:33:46+00:00","twitter_card":"summary_large_image","twitter_misc":{"Est. tempo de leitura":"1 minuto"},"schema":{"@context":"https:\/\/schema.org","@graph":[{"@type":"WebPage","@id":"https:\/\/kawagoeinstitute.com.br\/site\/meetings\/","url":"https:\/\/kawagoeinstitute.com.br\/site\/meetings\/","name":"Meetings - Kawagoe Institute","isPartOf":{"@id":"https:\/\/kawagoeinstitute.com.br\/site\/#website"},"datePublished":"2023-03-21T17:27:28+00:00","dateModified":"2023-04-25T19:33:46+00:00","breadcrumb":{"@id":"https:\/\/kawagoeinstitute.com.br\/site\/meetings\/#breadcrumb"},"inLanguage":"pt-BR","potentialAction":[{"@type":"ReadAction","target":["https:\/\/kawagoeinstitute.com.br\/site\/meetings\/"]}]},{"@type":"BreadcrumbList","@id":"https:\/\/kawagoeinstitute.com.br\/site\/meetings\/#breadcrumb","itemListElement":[{"@type":"ListItem","position":1,"name":"In\u00edcio","item":"https:\/\/kawagoeinstitute.com.br\/site\/"},{"@type":"ListItem","position":2,"name":"Meetings"}]},{"@type":"WebSite","@id":"https:\/\/kawagoeinstitute.com.br\/site\/#website","url":"https:\/\/kawagoeinstitute.com.br\/site\/","name":"Kawagoe Institute","description":"Educa\u00e7\u00e3o e Excel\u00eancia em Odontologia","publisher":{"@id":"https:\/\/kawagoeinstitute.com.br\/site\/#organization"},"potentialAction":[{"@type":"SearchAction","target":{"@type":"EntryPoint","urlTemplate":"https:\/\/kawagoeinstitute.com.br\/site\/?s={search_term_string}"},"query-input":{"@type":"PropertyValueSpecification","valueRequired":true,"valueName":"search_term_string"}}],"inLanguage":"pt-BR"},{"@type":"Organization","@id":"https:\/\/kawagoeinstitute.com.br\/site\/#organization","name":"Kawagoe Institute","url":"https:\/\/kawagoeinstitute.com.br\/site\/","logo":{"@type":"ImageObject","inLanguage":"pt-BR","@id":"https:\/\/kawagoeinstitute.com.br\/site\/#\/schema\/logo\/image\/","url":"https:\/\/kawagoeinstitute.com.br\/site\/wp-content\/uploads\/2023\/02\/LOGO-KAWAGOE.png","contentUrl":"https:\/\/kawagoeinstitute.com.br\/site\/wp-content\/uploads\/2023\/02\/LOGO-KAWAGOE.png","width":408,"height":271,"caption":"Kawagoe Institute"},"image":{"@id":"https:\/\/kawagoeinstitute.com.br\/site\/#\/schema\/logo\/image\/"}}]}},"_links":{"self":[{"href":"https:\/\/kawagoeinstitute.com.br\/site\/wp-json\/wp\/v2\/pages\/329","targetHints":{"allow":["GET"]}}],"collection":[{"href":"https:\/\/kawagoeinstitute.com.br\/site\/wp-json\/wp\/v2\/pages"}],"about":[{"href":"https:\/\/kawagoeinstitute.com.br\/site\/wp-json\/wp\/v2\/types\/page"}],"author":[{"embeddable":true,"href":"https:\/\/kawagoeinstitute.com.br\/site\/wp-json\/wp\/v2\/users\/1"}],"replies":[{"embeddable":true,"href":"https:\/\/kawagoeinstitute.com.br\/site\/wp-json\/wp\/v2\/comments?post=329"}],"version-history":[{"count":16,"href":"https:\/\/kawagoeinstitute.com.br\/site\/wp-json\/wp\/v2\/pages\/329\/revisions"}],"predecessor-version":[{"id":446,"href":"https:\/\/kawagoeinstitute.com.br\/site\/wp-json\/wp\/v2\/pages\/329\/revisions\/446"}],"wp:attachment":[{"href":"https:\/\/kawagoeinstitute.com.br\/site\/wp-json\/wp\/v2\/media?parent=329"}],"curies":[{"name":"wp","href":"https:\/\/api.w.org\/{rel}","templated":true}]}}